{"id":41,"date":"2023-05-03T15:37:31","date_gmt":"2023-05-03T15:37:31","guid":{"rendered":"http:\/\/www.mdx.cz\/?page_id=41"},"modified":"2023-05-03T17:36:39","modified_gmt":"2023-05-03T17:36:39","slug":"kontakt","status":"publish","type":"page","link":"https:\/\/www.mdx.cz\/?page_id=41","title":{"rendered":"Kontakt"},"content":{"rendered":"\n<p>Jsme v\u00e1m k dispozici ka\u017ed\u00fd pracovn\u00ed den od 8:00 do 15:00 hodin.<\/p>\n\n\n\n<ul class=\"wp-block-list\">\n<li>\u00a0<a href=\"tel:tel.:%20+420%20777%20785%20228\">tel.: +420 777 785 228<\/a><\/li>\n\n\n\n<li>\u00a0<a href=\"tel:email:%20medindex@mdx.cz\">email: medindex@mdx.cz<\/a><\/li>\n<\/ul>\n","protected":false},"excerpt":{"rendered":"<p>Jsme v\u00e1m k dispozici ka\u017ed\u00fd pracovn\u00ed den od 8:00 do 15:00 hodin.<\/p>\n","protected":false},"author":1,"featured_media":0,"parent":0,"menu_order":0,"comment_status":"closed","ping_status":"closed","template":"","meta":{"footnotes":""},"class_list":["post-41","page","type-page","status-publish","hentry"],"_links":{"self":[{"href":"https:\/\/www.mdx.cz\/index.php?rest_route=\/wp\/v2\/pages\/41","targetHints":{"allow":["GET"]}}],"collection":[{"href":"https:\/\/www.mdx.cz\/index.php?rest_route=\/wp\/v2\/pages"}],"about":[{"href":"https:\/\/www.mdx.cz\/index.php?rest_route=\/wp\/v2\/types\/page"}],"author":[{"embeddable":true,"href":"https:\/\/www.mdx.cz\/index.php?rest_route=\/wp\/v2\/users\/1"}],"replies":[{"embeddable":true,"href":"https:\/\/www.mdx.cz\/index.php?rest_route=%2Fwp%2Fv2%2Fcomments&post=41"}],"version-history":[{"count":3,"href":"https:\/\/www.mdx.cz\/index.php?rest_route=\/wp\/v2\/pages\/41\/revisions"}],"predecessor-version":[{"id":115,"href":"https:\/\/www.mdx.cz\/index.php?rest_route=\/wp\/v2\/pages\/41\/revisions\/115"}],"wp:attachment":[{"href":"https:\/\/www.mdx.cz\/index.php?rest_route=%2Fwp%2Fv2%2Fmedia&parent=41"}],"curies":[{"name":"wp","href":"https:\/\/api.w.org\/{rel}","templated":true}]}}